{"id":1466,"date":"2024-07-01T15:37:08","date_gmt":"2024-07-01T13:37:08","guid":{"rendered":"https:\/\/rcselectroniques.com\/contact-us\/"},"modified":"2025-12-11T20:56:05","modified_gmt":"2025-12-11T19:56:05","slug":"contact-us","status":"publish","type":"page","link":"https:\/\/rcselectroniques.com\/en\/contact-us\/","title":{"rendered":"Contact us"},"content":{"rendered":"<p>[et_pb_section fb_built=&#8221;1&#8243; admin_label=&#8221;Header &#038; Contact Info&#8221; _builder_version=&#8221;4.25.0&#8243; _module_preset=&#8221;default&#8221; background_color=&#8221;#1A2C4C&#8221; overflow-x=&#8221;hidden&#8221; overflow-y=&#8221;hidden&#8221; custom_margin=&#8221;25px||||false|false&#8221; custom_margin_tablet=&#8221;60px||||false|false&#8221; custom_margin_phone=&#8221;114px||||false|false&#8221; custom_margin_last_edited=&#8221;on|desktop&#8221; custom_padding=&#8221;||54px|||&#8221; collapsed=&#8221;on&#8221; global_colors_info=&#8221;{}&#8221; theme_builder_area=&#8221;post_content&#8221;][et_pb_row _builder_version=&#8221;4.25.0&#8243; _module_preset=&#8221;default&#8221; custom_margin_tablet=&#8221;&#8221; custom_margin_phone=&#8221;-30px||||false|false&#8221; custom_margin_last_edited=&#8221;on|phone&#8221; custom_padding=&#8221;||0px|||&#8221; global_colors_info=&#8221;{}&#8221; theme_builder_area=&#8221;post_content&#8221;][et_pb_column type=&#8221;4_4&#8243; _builder_version=&#8221;4.25.0&#8243; _module_preset=&#8221;default&#8221; global_colors_info=&#8221;{}&#8221; theme_builder_area=&#8221;post_content&#8221;][et_pb_text _builder_version=&#8221;4.25.0&#8243; _module_preset=&#8221;d31ab8ad-63e7-418b-99b8-bfb82bba4360&#8243; header_font=&#8221;|500|||||||&#8221; header_text_color=&#8221;#FFFFFF&#8221; custom_margin=&#8221;15px||10px||false|false&#8221; custom_padding=&#8221;3vw||||false|false&#8221; global_colors_info=&#8221;{}&#8221; theme_builder_area=&#8221;post_content&#8221;]<\/p>\n<h1>Contact us<\/h1>\n<p>[\/et_pb_text][\/et_pb_column][\/et_pb_row][et_pb_row column_structure=&#8221;1_2,1_2&#8243; make_equal=&#8221;on&#8221; _builder_version=&#8221;4.25.0&#8243; _module_preset=&#8221;default&#8221; width_tablet=&#8221;&#8221; width_phone=&#8221;&#8221; width_last_edited=&#8221;on|tablet&#8221; custom_margin_tablet=&#8221;||0px||false|false&#8221; custom_margin_phone=&#8221;||-130px||false|false&#8221; custom_margin_last_edited=&#8221;on|tablet&#8221; custom_padding=&#8221;0px||0px|0px||&#8221; module_alignment_tablet=&#8221;&#8221; module_alignment_phone=&#8221;&#8221; module_alignment_last_edited=&#8221;on|tablet&#8221; global_colors_info=&#8221;{}&#8221; theme_builder_area=&#8221;post_content&#8221;][et_pb_column type=&#8221;1_2&#8243; _builder_version=&#8221;4.22.0&#8243; _module_preset=&#8221;default&#8221; global_colors_info=&#8221;{}&#8221; theme_builder_area=&#8221;post_content&#8221;][et_pb_text _builder_version=&#8221;4.25.0&#8243; _module_preset=&#8221;9e0b9808-83be-4cc8-a74c-dcc1450cb299&#8243; global_colors_info=&#8221;{}&#8221; theme_builder_area=&#8221;post_content&#8221;]If you have any questions or suggestions, please do not hesitate to contact us to explore how R.C.S. INC. can help you with your projects. By sending us your message, you can benefit from a free initial consultation tailored to your needs, enabling us to work together to forge a future in line with your ambitions.[\/et_pb_text][et_pb_contact_form use_spam_service=&#8221;on&#8221; recaptcha_list=&#8221;RCS INC|RCS INC-0&#8243; email=&#8221;info@rcselectroniques.com&#8221; title=&#8221;Estimate form&#8221; custom_message=&#8221;First name: %%Pr\u00e9nom_du_demandeur%%||et_pb_line_break_holder||||et_pb_line_break_holder||Last name: %%Nom_du_demandeur%%||et_pb_line_break_holder||||et_pb_line_break_holder|Company name: %%Nom_de_la_compagnie_2%%||et_pb_line_break_holder||||et_pb_line_break_holder|Job title: %%Poste_du_demandeur_au_sein_de_la_compagnie_2%%||et_pb_line_break_holder||||et_pb_line_break_holder|E-mail: %%Adresse_courriel_2%%||et_pb_line_break_holder||||et_pb_line_break_holder||Telephone: %%Num\u00e9ro_de_t\u00e9l\u00e9phone_2%%||et_pb_line_break_holder||||et_pb_line_break_holder|City: %%Ville_2%%||et_pb_line_break_holder||||et_pb_line_break_holder|Postcode: %%Code_postal_2%%||et_pb_line_break_holder||||et_pb_line_break_holder|Services required: %%Services_requis%%||et_pb_line_break_holder||||et_pb_line_break_holder||Message:||et_pb_line_break_holder||%%Message%%&#8221; success_message=&#8221;Thank you for your message.&#8221; _builder_version=&#8221;4.25.0&#8243; _module_preset=&#8221;default&#8221; _unique_id=&#8221;4825284e-5d00-412a-bca0-c941663ebf73&#8243; title_text_color=&#8221;#F1592A&#8221; captcha_font=&#8221;|800|||||||&#8221; background_color=&#8221;#0087E8&#8243; custom_button=&#8221;on&#8221; button_text_color=&#8221;#FFFFFF&#8221; button_bg_color=&#8221;#1A2C4C&#8221; min_height_tablet=&#8221;&#8221; min_height_phone=&#8221;&#8221; min_height_last_edited=&#8221;on|phone&#8221; custom_margin=&#8221;||85px||false|false&#8221; custom_margin_tablet=&#8221;||15px||false|false&#8221; custom_margin_phone=&#8221;||0px||false|false&#8221; custom_margin_last_edited=&#8221;on|phone&#8221; custom_padding=&#8221;25px|28px|25px|28px|true|true&#8221; custom_css_contact_title=&#8221;display: none;&#8221; border_radii=&#8221;on|10px|10px|10px|10px&#8221; border_width_all=&#8221;1px&#8221; border_color_all=&#8221;#FFFFFF&#8221; locked=&#8221;off&#8221; global_colors_info=&#8221;{}&#8221; theme_builder_area=&#8221;post_content&#8221;][et_pb_contact_field field_id=&#8221;Pr\u00e9nom_et_nom&#8221; field_title=&#8221;First and last name&#8221; allowed_symbols=&#8221;letters&#8221; fullwidth_field=&#8221;on&#8221; _builder_version=&#8221;4.25.0&#8243; border_width_all=&#8221;2px&#8221; global_colors_info=&#8221;{}&#8221; button_text_size__hover_enabled=&#8221;off&#8221; button_one_text_size__hover_enabled=&#8221;off&#8221; button_two_text_size__hover_enabled=&#8221;off&#8221; button_text_color__hover_enabled=&#8221;off&#8221; button_one_text_color__hover_enabled=&#8221;off&#8221; button_two_text_color__hover_enabled=&#8221;off&#8221; button_border_width__hover_enabled=&#8221;off&#8221; button_one_border_width__hover_enabled=&#8221;off&#8221; button_two_border_width__hover_enabled=&#8221;off&#8221; button_border_color__hover_enabled=&#8221;off&#8221; button_one_border_color__hover_enabled=&#8221;off&#8221; button_two_border_color__hover_enabled=&#8221;off&#8221; button_border_radius__hover_enabled=&#8221;off&#8221; button_one_border_radius__hover_enabled=&#8221;off&#8221; button_two_border_radius__hover_enabled=&#8221;off&#8221; button_letter_spacing__hover_enabled=&#8221;off&#8221; button_one_letter_spacing__hover_enabled=&#8221;off&#8221; button_two_letter_spacing__hover_enabled=&#8221;off&#8221; button_bg_color__hover_enabled=&#8221;off&#8221; button_one_bg_color__hover_enabled=&#8221;off&#8221; button_two_bg_color__hover_enabled=&#8221;off&#8221; theme_builder_area=&#8221;post_content&#8221;][\/et_pb_contact_field][et_pb_contact_field field_id=&#8221;Adresse_courriel_2&#8243; field_title=&#8221;Email address&#8221; field_type=&#8221;email&#8221; fullwidth_field=&#8221;on&#8221; _builder_version=&#8221;4.25.0&#8243; border_width_all=&#8221;2px&#8221; global_colors_info=&#8221;{}&#8221; button_text_size__hover_enabled=&#8221;off&#8221; button_one_text_size__hover_enabled=&#8221;off&#8221; button_two_text_size__hover_enabled=&#8221;off&#8221; button_text_color__hover_enabled=&#8221;off&#8221; button_one_text_color__hover_enabled=&#8221;off&#8221; button_two_text_color__hover_enabled=&#8221;off&#8221; button_border_width__hover_enabled=&#8221;off&#8221; button_one_border_width__hover_enabled=&#8221;off&#8221; button_two_border_width__hover_enabled=&#8221;off&#8221; button_border_color__hover_enabled=&#8221;off&#8221; button_one_border_color__hover_enabled=&#8221;off&#8221; button_two_border_color__hover_enabled=&#8221;off&#8221; button_border_radius__hover_enabled=&#8221;off&#8221; button_one_border_radius__hover_enabled=&#8221;off&#8221; button_two_border_radius__hover_enabled=&#8221;off&#8221; button_letter_spacing__hover_enabled=&#8221;off&#8221; button_one_letter_spacing__hover_enabled=&#8221;off&#8221; button_two_letter_spacing__hover_enabled=&#8221;off&#8221; button_bg_color__hover_enabled=&#8221;off&#8221; button_one_bg_color__hover_enabled=&#8221;off&#8221; button_two_bg_color__hover_enabled=&#8221;off&#8221; theme_builder_area=&#8221;post_content&#8221;][\/et_pb_contact_field][et_pb_contact_field field_id=&#8221;Message&#8221; field_title=&#8221;Message&#8221; field_type=&#8221;text&#8221; required_mark=&#8221;off&#8221; fullwidth_field=&#8221;on&#8221; _builder_version=&#8221;4.25.0&#8243; _module_preset=&#8221;default&#8221; height=&#8221;150px&#8221; height_tablet=&#8221;150px&#8221; height_phone=&#8221;150px&#8221; height_last_edited=&#8221;on|phone&#8221; border_width_all=&#8221;2px&#8221; global_colors_info=&#8221;{}&#8221; theme_builder_area=&#8221;post_content&#8221;][\/et_pb_contact_field][\/et_pb_contact_form][\/et_pb_column][et_pb_column type=&#8221;1_2&#8243; _builder_version=&#8221;4.22.0&#8243; _module_preset=&#8221;default&#8221; custom_padding=&#8221;||18vw||false|false&#8221; global_colors_info=&#8221;{}&#8221; theme_builder_area=&#8221;post_content&#8221;][et_pb_blurb title=&#8221;Phone&#8221; use_icon=&#8221;on&#8221; font_icon=&#8221;&#xe090;||divi||400&#8243; icon_color=&#8221;#FFFFFF&#8221; image_icon_background_color=&#8221;RGBA(255,255,255,0)&#8221; _builder_version=&#8221;4.25.0&#8243; _module_preset=&#8221;34e35c3c-c5e6-4aab-b1a1-dcb0d2bdb327&#8243; header_level=&#8221;h1&#8243; header_font=&#8221;|500|||||||&#8221; header_text_color=&#8221;#FFFFFF&#8221; body_text_color=&#8221;#FFFFFF&#8221; background_layout=&#8221;dark&#8221; custom_margin=&#8221;300px||||false|false&#8221; hover_enabled=&#8221;0&#8243; locked=&#8221;off&#8221; global_colors_info=&#8221;{%22gcid-08cf39a0-13ea-4dd3-8e9f-f417cc84cbec%22:%91%22body_link_text_color%22%93}&#8221; theme_builder_area=&#8221;post_content&#8221; custom_margin_last_edited=&#8221;on|phone&#8221; custom_margin_phone=&#8221;0px||||false|false&#8221; sticky_enabled=&#8221;0&#8243; custom_margin_tablet=&#8221;300px||||false|false&#8221;]<\/p>\n<p><span>(514) 594-9607<\/span><\/p>\n<p>[\/et_pb_blurb][et_pb_blurb title=&#8221;Email address&#8221; use_icon=&#8221;on&#8221; font_icon=&#8221;&#xe076;||divi||400&#8243; icon_color=&#8221;#FFFFFF&#8221; image_icon_background_color=&#8221;RGBA(255,255,255,0)&#8221; _builder_version=&#8221;4.25.0&#8243; _module_preset=&#8221;34e35c3c-c5e6-4aab-b1a1-dcb0d2bdb327&#8243; header_level=&#8221;h1&#8243; header_font=&#8221;|500|||||||&#8221; header_text_color=&#8221;#FFFFFF&#8221; body_text_color=&#8221;#FFFFFF&#8221; body_link_text_color=&#8221;#FFFFFF&#8221; locked=&#8221;off&#8221; global_colors_info=&#8221;{%22gcid-650921a2-2eba-4283-a6e6-fb2ffa7ca9ad%22:%91%22icon_color%22%93}&#8221; theme_builder_area=&#8221;post_content&#8221;]<\/p>\n<p><a href=\"mailto:#\">info@rcselectroniques.com<\/a><\/p>\n<p>[\/et_pb_blurb][\/et_pb_column][\/et_pb_row][et_pb_row column_structure=&#8221;1_2,1_2&#8243; make_equal=&#8221;on&#8221; _builder_version=&#8221;4.25.0&#8243; _module_preset=&#8221;default&#8221; custom_margin=&#8221;90px|auto||auto|false|false&#8221; custom_margin_tablet=&#8221;0px|auto||auto|false|false&#8221; custom_margin_phone=&#8221;0px|auto||auto|false|false&#8221; custom_margin_last_edited=&#8221;on|tablet&#8221; custom_padding=&#8221;||0px|||&#8221; global_colors_info=&#8221;{}&#8221; theme_builder_area=&#8221;post_content&#8221;][et_pb_column type=&#8221;1_2&#8243; _builder_version=&#8221;4.22.0&#8243; _module_preset=&#8221;default&#8221; global_colors_info=&#8221;{}&#8221; theme_builder_area=&#8221;post_content&#8221;][et_pb_image src=&#8221;https:\/\/rcselectroniques.com\/wp-content\/uploads\/2024\/12\/services-RCS.INC_.png&#8221; title_text=&#8221;services-RCS.INC&#8221; align_tablet=&#8221;&#8221; align_phone=&#8221;center&#8221; align_last_edited=&#8221;on|phone&#8221; _builder_version=&#8221;4.25.0&#8243; _module_preset=&#8221;default&#8221; positioning=&#8221;absolute&#8221; position_origin_a=&#8221;bottom_left&#8221; position_origin_a_tablet=&#8221;bottom_left&#8221; position_origin_a_phone=&#8221;bottom_left&#8221; position_origin_a_last_edited=&#8221;on|desktop&#8221; position_origin_f_tablet=&#8221;&#8221; position_origin_f_phone=&#8221;&#8221; position_origin_f_last_edited=&#8221;on|desktop&#8221; position_origin_r_tablet=&#8221;&#8221; position_origin_r_phone=&#8221;&#8221; position_origin_r_last_edited=&#8221;on|desktop&#8221; custom_margin=&#8221;80px|-20vw|||false|false&#8221; custom_margin_tablet=&#8221;-50px|0vw|||false|false&#8221; custom_margin_phone=&#8221;-35px|0vw|||false|false&#8221; custom_margin_last_edited=&#8221;on|phone&#8221; positioning_tablet=&#8221;none&#8221; positioning_phone=&#8221;none&#8221; positioning_last_edited=&#8221;on|desktop&#8221; global_colors_info=&#8221;{}&#8221; theme_builder_area=&#8221;post_content&#8221;][\/et_pb_image][\/et_pb_column][et_pb_column type=&#8221;1_2&#8243; _builder_version=&#8221;4.22.0&#8243; _module_preset=&#8221;default&#8221; global_colors_info=&#8221;{}&#8221; theme_builder_area=&#8221;post_content&#8221;][\/et_pb_column][\/et_pb_row][\/et_pb_section]<\/p>\n","protected":false},"excerpt":{"rendered":"<p>Contact usIf you have any questions or suggestions, please do not hesitate to contact us to explore how R.C.S. INC. can help you with your projects. By sending us your message, you can benefit from a free initial consultation tailored to your needs, enabling us to work together to forge a future in line with [&hellip;]<\/p>\n","protected":false},"author":3,"featured_media":2231,"parent":0,"menu_order":0,"comment_status":"closed","ping_status":"closed","template":"","meta":{"_et_pb_use_builder":"on","_et_pb_old_content":"","_et_gb_content_width":"","footnotes":""},"class_list":["post-1466","page","type-page","status-publish","has-post-thumbnail","hentry"],"yoast_head":"<!-- This site is optimized with the Yoast SEO plugin v27.2 - https:\/\/yoast.com\/product\/yoast-seo-wordpress\/ -->\n<title>Contact us | R.C.S. INC<\/title>\n<meta name=\"robots\" content=\"index, follow, max-snippet:-1, max-image-preview:large, max-video-preview:-1\" \/>\n<link rel=\"canonical\" href=\"https:\/\/rcselectroniques.com\/en\/contact-us\/\" \/>\n<meta property=\"og:locale\" content=\"en_US\" \/>\n<meta property=\"og:type\" content=\"article\" \/>\n<meta property=\"og:title\" content=\"Contact us | R.C.S. INC\" \/>\n<meta property=\"og:description\" content=\"Contact usIf you have any questions or suggestions, please do not hesitate to contact us to explore how R.C.S. INC. can help you with your projects. By sending us your message, you can benefit from a free initial consultation tailored to your needs, enabling us to work together to forge a future in line with [&hellip;]\" \/>\n<meta property=\"og:url\" content=\"https:\/\/rcselectroniques.com\/en\/contact-us\/\" \/>\n<meta property=\"og:site_name\" content=\"R.C.S. INC\" \/>\n<meta property=\"article:publisher\" content=\"https:\/\/www.facebook.com\/profile.php?id=100068385347771\" \/>\n<meta property=\"article:modified_time\" content=\"2025-12-11T19:56:05+00:00\" \/>\n<meta property=\"og:image\" content=\"https:\/\/rcselectroniques.com\/wp-content\/uploads\/2025\/12\/Opengraph-RCS-INC-ENG-2.png\" \/>\n\t<meta property=\"og:image:width\" content=\"1920\" \/>\n\t<meta property=\"og:image:height\" content=\"1080\" \/>\n\t<meta property=\"og:image:type\" content=\"image\/png\" \/>\n<meta name=\"twitter:card\" content=\"summary_large_image\" \/>\n<meta name=\"twitter:label1\" content=\"Est. reading time\" \/>\n\t<meta name=\"twitter:data1\" content=\"1 minute\" \/>\n<script type=\"application\/ld+json\" class=\"yoast-schema-graph\">{\"@context\":\"https:\/\/schema.org\",\"@graph\":[{\"@type\":\"WebPage\",\"@id\":\"https:\/\/rcselectroniques.com\/en\/contact-us\/\",\"url\":\"https:\/\/rcselectroniques.com\/en\/contact-us\/\",\"name\":\"Contact us | R.C.S. INC\",\"isPartOf\":{\"@id\":\"https:\/\/rcselectroniques.com\/en\/#website\"},\"primaryImageOfPage\":{\"@id\":\"https:\/\/rcselectroniques.com\/en\/contact-us\/#primaryimage\"},\"image\":{\"@id\":\"https:\/\/rcselectroniques.com\/en\/contact-us\/#primaryimage\"},\"thumbnailUrl\":\"https:\/\/rcselectroniques.com\/wp-content\/uploads\/2025\/12\/Opengraph-RCS-INC-ENG-2.png\",\"datePublished\":\"2024-07-01T13:37:08+00:00\",\"dateModified\":\"2025-12-11T19:56:05+00:00\",\"breadcrumb\":{\"@id\":\"https:\/\/rcselectroniques.com\/en\/contact-us\/#breadcrumb\"},\"inLanguage\":\"en-US\",\"potentialAction\":[{\"@type\":\"ReadAction\",\"target\":[\"https:\/\/rcselectroniques.com\/en\/contact-us\/\"]}]},{\"@type\":\"ImageObject\",\"inLanguage\":\"en-US\",\"@id\":\"https:\/\/rcselectroniques.com\/en\/contact-us\/#primaryimage\",\"url\":\"https:\/\/rcselectroniques.com\/wp-content\/uploads\/2025\/12\/Opengraph-RCS-INC-ENG-2.png\",\"contentUrl\":\"https:\/\/rcselectroniques.com\/wp-content\/uploads\/2025\/12\/Opengraph-RCS-INC-ENG-2.png\",\"width\":1920,\"height\":1080},{\"@type\":\"BreadcrumbList\",\"@id\":\"https:\/\/rcselectroniques.com\/en\/contact-us\/#breadcrumb\",\"itemListElement\":[{\"@type\":\"ListItem\",\"position\":1,\"name\":\"Accueil\",\"item\":\"https:\/\/rcselectroniques.com\/en\/\"},{\"@type\":\"ListItem\",\"position\":2,\"name\":\"Contact us\"}]},{\"@type\":\"WebSite\",\"@id\":\"https:\/\/rcselectroniques.com\/en\/#website\",\"url\":\"https:\/\/rcselectroniques.com\/en\/\",\"name\":\"R.C.S. INC\",\"description\":\"\",\"alternateName\":\"RCS\",\"potentialAction\":[{\"@type\":\"SearchAction\",\"target\":{\"@type\":\"EntryPoint\",\"urlTemplate\":\"https:\/\/rcselectroniques.com\/en\/?s={search_term_string}\"},\"query-input\":{\"@type\":\"PropertyValueSpecification\",\"valueRequired\":true,\"valueName\":\"search_term_string\"}}],\"inLanguage\":\"en-US\"}]}<\/script>\n<!-- \/ Yoast SEO plugin. -->","yoast_head_json":{"title":"Contact us | R.C.S. INC","robots":{"index":"index","follow":"follow","max-snippet":"max-snippet:-1","max-image-preview":"max-image-preview:large","max-video-preview":"max-video-preview:-1"},"canonical":"https:\/\/rcselectroniques.com\/en\/contact-us\/","og_locale":"en_US","og_type":"article","og_title":"Contact us | R.C.S. INC","og_description":"Contact usIf you have any questions or suggestions, please do not hesitate to contact us to explore how R.C.S. INC. can help you with your projects. By sending us your message, you can benefit from a free initial consultation tailored to your needs, enabling us to work together to forge a future in line with [&hellip;]","og_url":"https:\/\/rcselectroniques.com\/en\/contact-us\/","og_site_name":"R.C.S. INC","article_publisher":"https:\/\/www.facebook.com\/profile.php?id=100068385347771","article_modified_time":"2025-12-11T19:56:05+00:00","og_image":[{"width":1920,"height":1080,"url":"https:\/\/rcselectroniques.com\/wp-content\/uploads\/2025\/12\/Opengraph-RCS-INC-ENG-2.png","type":"image\/png"}],"twitter_card":"summary_large_image","twitter_misc":{"Est. reading time":"1 minute"},"schema":{"@context":"https:\/\/schema.org","@graph":[{"@type":"WebPage","@id":"https:\/\/rcselectroniques.com\/en\/contact-us\/","url":"https:\/\/rcselectroniques.com\/en\/contact-us\/","name":"Contact us | R.C.S. INC","isPartOf":{"@id":"https:\/\/rcselectroniques.com\/en\/#website"},"primaryImageOfPage":{"@id":"https:\/\/rcselectroniques.com\/en\/contact-us\/#primaryimage"},"image":{"@id":"https:\/\/rcselectroniques.com\/en\/contact-us\/#primaryimage"},"thumbnailUrl":"https:\/\/rcselectroniques.com\/wp-content\/uploads\/2025\/12\/Opengraph-RCS-INC-ENG-2.png","datePublished":"2024-07-01T13:37:08+00:00","dateModified":"2025-12-11T19:56:05+00:00","breadcrumb":{"@id":"https:\/\/rcselectroniques.com\/en\/contact-us\/#breadcrumb"},"inLanguage":"en-US","potentialAction":[{"@type":"ReadAction","target":["https:\/\/rcselectroniques.com\/en\/contact-us\/"]}]},{"@type":"ImageObject","inLanguage":"en-US","@id":"https:\/\/rcselectroniques.com\/en\/contact-us\/#primaryimage","url":"https:\/\/rcselectroniques.com\/wp-content\/uploads\/2025\/12\/Opengraph-RCS-INC-ENG-2.png","contentUrl":"https:\/\/rcselectroniques.com\/wp-content\/uploads\/2025\/12\/Opengraph-RCS-INC-ENG-2.png","width":1920,"height":1080},{"@type":"BreadcrumbList","@id":"https:\/\/rcselectroniques.com\/en\/contact-us\/#breadcrumb","itemListElement":[{"@type":"ListItem","position":1,"name":"Accueil","item":"https:\/\/rcselectroniques.com\/en\/"},{"@type":"ListItem","position":2,"name":"Contact us"}]},{"@type":"WebSite","@id":"https:\/\/rcselectroniques.com\/en\/#website","url":"https:\/\/rcselectroniques.com\/en\/","name":"R.C.S. INC","description":"","alternateName":"RCS","potentialAction":[{"@type":"SearchAction","target":{"@type":"EntryPoint","urlTemplate":"https:\/\/rcselectroniques.com\/en\/?s={search_term_string}"},"query-input":{"@type":"PropertyValueSpecification","valueRequired":true,"valueName":"search_term_string"}}],"inLanguage":"en-US"}]}},"_links":{"self":[{"href":"https:\/\/rcselectroniques.com\/en\/wp-json\/wp\/v2\/pages\/1466","targetHints":{"allow":["GET"]}}],"collection":[{"href":"https:\/\/rcselectroniques.com\/en\/wp-json\/wp\/v2\/pages"}],"about":[{"href":"https:\/\/rcselectroniques.com\/en\/wp-json\/wp\/v2\/types\/page"}],"author":[{"embeddable":true,"href":"https:\/\/rcselectroniques.com\/en\/wp-json\/wp\/v2\/users\/3"}],"replies":[{"embeddable":true,"href":"https:\/\/rcselectroniques.com\/en\/wp-json\/wp\/v2\/comments?post=1466"}],"version-history":[{"count":37,"href":"https:\/\/rcselectroniques.com\/en\/wp-json\/wp\/v2\/pages\/1466\/revisions"}],"predecessor-version":[{"id":2236,"href":"https:\/\/rcselectroniques.com\/en\/wp-json\/wp\/v2\/pages\/1466\/revisions\/2236"}],"wp:featuredmedia":[{"embeddable":true,"href":"https:\/\/rcselectroniques.com\/en\/wp-json\/wp\/v2\/media\/2231"}],"wp:attachment":[{"href":"https:\/\/rcselectroniques.com\/en\/wp-json\/wp\/v2\/media?parent=1466"}],"curies":[{"name":"wp","href":"https:\/\/api.w.org\/{rel}","templated":true}]}}